{"id":121,"date":"2021-11-06T13:13:28","date_gmt":"2021-11-06T12:13:28","guid":{"rendered":"http:\/\/junak.bludov.cz\/?page_id=121"},"modified":"2021-11-06T13:13:28","modified_gmt":"2021-11-06T12:13:28","slug":"prihlasit-dite","status":"publish","type":"page","link":"https:\/\/junak.bludov.cz\/?page_id=121","title":{"rendered":"P\u0159ihl\u00e1sit d\u00edt\u011b"},"content":{"rendered":"\n<p>Na\u0161e st\u0159edisko po\u0159\u00e1d\u00e1 ka\u017edoro\u010dn\u011b, v\u017edy na za\u010d\u00e1tku \u0161koln\u00edho roku z\u00e1bavn\u00e9 odpoledne pro d\u011bti spojen\u00e9 s n\u00e1borem.<br>Zde m\u00e1te ide\u00e1ln\u00ed mo\u017enost dozv\u011bd\u011bt se o na\u0161\u00ed \u010dinnosti, p\u0159\u00edle\u017eitost se zeptat na v\u0161e, co V\u00e1s zaj\u00edm\u00e1, nebo\u0165 b\u00fdv\u00e1 p\u0159\u00edtomno t\u00e9m\u011b\u0159 cel\u00e9 veden\u00ed st\u0159ediska a v p\u0159\u00edpad\u011b z\u00e1jmu rovnou p\u0159ihl\u00e1sit sv\u00e9 d\u00edt\u011b do odd\u00edlu.<\/p>\n\n\n\n<p>A\u010dkoliv d\u00e1v\u00e1me p\u0159ednost p\u0159\u00edchodu nov\u00e1\u010dk\u016f na za\u010d\u00e1tku \u0161koln\u00edho roku, kdy se po pr\u00e1zdnin\u00e1ch op\u011bt rozj\u00ed\u017ed\u00ed na\u0161e pravideln\u00e1 \u010dinnost, nebr\u00e1n\u00edme se ani p\u0159\u00edchodu nov\u00fdch tv\u00e1\u0159\u00ed v pr\u016fb\u011bhu roku.<\/p>\n\n\n\n<p>Kontaktujte n\u011bkter\u00e9ho z odd\u00edlov\u00fdch vedouc\u00edch, on V\u00e1m sd\u011bl\u00ed d\u016fle\u017eit\u00e9 podrobnosti a mo\u017enosti, jak za\u010d\u00edt.<br>P\u0159idat se k n\u00e1m je mo\u017en\u00e9 v podstat\u011b kdykoliv. Zpo\u010d\u00e1tku nen\u00ed pot\u0159eba, \u017e\u00e1dn\u00e9 drah\u00e9 vybaven\u00ed a ka\u017ed\u00fd m\u00e1 \u0161anci pro\u017e\u00edt s n\u00e1mi p\u00e1r sch\u016fzek, v\u00edkendov\u00fdch akc\u00ed a n\u00e1sledn\u011b se rozhodnout, zda ho na\u0161e \u010dinnost bav\u00ed a m\u00e1 z\u00e1jem v n\u00ed pokra\u010dovat.<\/p>\n","protected":false},"excerpt":{"rendered":"<p>Na\u0161e st\u0159edisko po\u0159\u00e1d\u00e1 ka\u017edoro\u010dn\u011b, v\u017edy na za\u010d\u00e1tku \u0161koln\u00edho roku z\u00e1bavn\u00e9 odpoledne pro d\u011bti spojen\u00e9 s n\u00e1borem.Zde m\u00e1te ide\u00e1ln\u00ed mo\u017enost dozv\u011bd\u011bt se o na\u0161\u00ed \u010dinnosti, p\u0159\u00edle\u017eitost se zeptat na v\u0161e, co V\u00e1s zaj\u00edm\u00e1, nebo\u0165 b\u00fdv\u00e1 p\u0159\u00edtomno t\u00e9m\u011b\u0159 cel\u00e9 veden\u00ed st\u0159ediska a v p\u0159\u00edpad\u011b z\u00e1jmu rovnou p\u0159ihl\u00e1sit sv\u00e9 d\u00edt\u011b do odd\u00edlu. A\u010dkoliv d\u00e1v\u00e1me p\u0159ednost p\u0159\u00edchodu nov\u00e1\u010dk\u016f na [&hellip;]<\/p>\n","protected":false},"author":1,"featured_media":0,"parent":0,"menu_order":0,"comment_status":"closed","ping_status":"closed","template":"","meta":{"footnotes":""},"class_list":["post-121","page","type-page","status-publish"],"_links":{"self":[{"href":"https:\/\/junak.bludov.cz\/index.php?rest_route=\/wp\/v2\/pages\/121","targetHints":{"allow":["GET"]}}],"collection":[{"href":"https:\/\/junak.bludov.cz\/index.php?rest_route=\/wp\/v2\/pages"}],"about":[{"href":"https:\/\/junak.bludov.cz\/index.php?rest_route=\/wp\/v2\/types\/page"}],"author":[{"embeddable":true,"href":"https:\/\/junak.bludov.cz\/index.php?rest_route=\/wp\/v2\/users\/1"}],"replies":[{"embeddable":true,"href":"https:\/\/junak.bludov.cz\/index.php?rest_route=%2Fwp%2Fv2%2Fcomments&post=121"}],"version-history":[{"count":0,"href":"https:\/\/junak.bludov.cz\/index.php?rest_route=\/wp\/v2\/pages\/121\/revisions"}],"wp:attachment":[{"href":"https:\/\/junak.bludov.cz\/index.php?rest_route=%2Fwp%2Fv2%2Fmedia&parent=121"}],"curies":[{"name":"wp","href":"https:\/\/api.w.org\/{rel}","templated":true}]}}