{"id":17,"date":"2021-10-29T12:51:46","date_gmt":"2021-10-29T10:51:46","guid":{"rendered":"http:\/\/192.168.1.4\/skaut\/?page_id=17"},"modified":"2026-04-06T11:53:21","modified_gmt":"2026-04-06T09:53:21","slug":"domu","status":"publish","type":"page","link":"https:\/\/junak.bludov.cz\/","title":{"rendered":"V\u00edtejte na webu st\u0159ediska Franti\u0161ka Pech\u00e1\u010dka Bludov"},"content":{"rendered":"\n<div class=\"wp-block-columns is-layout-flex wp-container-core-columns-is-layout-1 wp-block-columns-is-layout-flex\">\n<div class=\"wp-block-column is-layout-flow wp-block-column-is-layout-flow\">\n<h2 class=\"wp-block-heading\">Kdo jsme?<\/h2>\n\n\n\n<p>Skauting \u2013 to jsou kamar\u00e1di, p\u0159\u00e1tel\u00e9 a spole\u010denstv\u00ed lid\u00ed, kte\u0159\u00ed sd\u00edlej\u00ed podobn\u00e9 hodnoty.<\/p>\n\n\n\n<p>Vyr\u016fstat ve skautsk\u00e9m odd\u00edle znamen\u00e1 chopit se \u0161ance \u017e\u00edt naplno. B\u00fdt aktivn\u00ed a naj\u00edt vlastn\u00ed m\u00edsto ve sv\u011bt\u011b. Skauting je p\u0159\u00edle\u017eitost     \n  rozv\u00edjet nejen sebe, ale i sv\u00e9 okol\u00ed.<\/p>\n\n\n\n<p>Skautsk\u00e1 v\u00fdchova ct\u00ed p\u0159edev\u0161\u00edm tyto hodnoty:<\/p>\n\n\n\n<ul class=\"wp-block-list\">\n<li>hr\u00e1t f\u00e9r<\/li>\n\n\n\n<li>spolupracovat s ostatn\u00edmi<\/li>\n\n\n\n<li>b\u00fdt ohledupln\u00fd k okoln\u00edmu prost\u0159ed\u00ed<\/li>\n\n\n\n<li>m\u00edt vztah k p\u0159\u00edrod\u011b<\/li>\n<\/ul>\n\n\n\n<p>Skauting v\u0161estrann\u011b p\u016fsob\u00ed na rozvoj osobnosti d\u011bt\u00ed a mlad\u00fdch lid\u00ed \u2013 prost\u0159ednictv\u00edm her, z\u00e1\u017eitk\u016f, aktivit a dal\u0161\u00edch \u010dinnost\u00ed.<\/p>\n\n\n\n<p>Zaj\u00edm\u00e1 v\u00e1s v\u00edc? P\u0159ij\u010fte se pod\u00edvat na jednu z na\u0161ich sch\u016fzek.<\/p>\n<\/div>\n\n\n\n<div class=\"wp-block-column is-layout-flow wp-block-column-is-layout-flow\">\n<figure class=\"wp-block-image size-full is-style-rounded\"><img decoding=\"async\" src=\"http:\/\/junak.bludov.cz\/wp-content\/uploads\/2022\/04\/360D0A5F-B746-45D6-A6AE-38260FBCC68E-1.jpg\" alt=\"\" class=\"wp-image-301\"\/><\/figure>\n<\/div>\n<\/div>\n\n\n\n<h1 class=\"wp-block-heading has-text-align-center has-x-large-font-size\">Sch\u016fzky<\/h1>\n\n\n\n<h3 class=\"wp-block-heading has-text-align-center\">Benjam\u00ednci \u2013 V\u011bk: 5 &#8211; 7 let<\/h3>\n\n\n\n<div class=\"wp-block-columns is-layout-flex wp-container-core-columns-is-layout-2 wp-block-columns-is-layout-flex\">\n<div class=\"wp-block-column is-layout-flow wp-block-column-is-layout-flow\">\n<div class=\"wp-block-group\"><div class=\"wp-block-group__inner-container is-layout-flow wp-block-group-is-layout-flow\">\n<h2 class=\"wp-block-heading has-text-align-center\"><strong>Tesa\u0159\u00edci<\/strong><\/h2>\n\n\n\n<hr class=\"wp-block-separator has-alpha-channel-opacity\"\/>\n\n\n\n<p class=\"has-text-align-center\"><strong>\u010dtvrtek 15.15 &#8211; 16.30<\/strong><\/p>\n\n\n\n<hr class=\"wp-block-separator has-alpha-channel-opacity\"\/>\n\n\n\n<p class=\"has-text-align-center\">Miroslav Sm\u011b\u0161n\u00fd &#8211; Klasik<br><a href=\"mailto:Msmesny@seznam.cz\">Msmesny@seznam.cz<\/a><br>Tel.: <strong>777 241 472<\/strong><\/p>\n\n\n\n<p class=\"has-text-align-center\">Martin Jur\u00e1nek &#8211; Medwjed<br><a href=\"mailto:juranek.martin@tiscali.cz\" target=\"_blank\" rel=\"noreferrer noopener\">juranek.martin@tiscali.cz<\/a><br>Tel.: <strong>606 702 695<\/strong><\/p>\n\n\n\n<p class=\"has-text-align-center\"><\/p>\n<\/div><\/div>\n<\/div>\n\n\n\n<div class=\"wp-block-column is-layout-flow wp-block-column-is-layout-flow\">\n<div class=\"wp-block-group\"><div class=\"wp-block-group__inner-container is-layout-flow wp-block-group-is-layout-flow\">\n<h2 class=\"wp-block-heading has-text-align-center\"><strong>St\u0159evl\u00edci<\/strong><\/h2>\n\n\n\n<hr class=\"wp-block-separator has-alpha-channel-opacity\"\/>\n\n\n\n<p class=\"has-text-align-center\"><strong>st\u0159eda 15.15 &#8211; 16.30<\/strong><\/p>\n\n\n\n<hr class=\"wp-block-separator has-alpha-channel-opacity\"\/>\n\n\n\n<p class=\"has-text-align-center\">Am\u00e1lka Vojtekov\u00e1<br><a href=\"mailto:amcavojtek@seznam.cz\">amcavojtek@seznam.cz<\/a><br>Tel.: <strong>605 463 600<\/strong><\/p>\n\n\n\n<p class=\"has-text-align-center\">Marie Johnov\u00e1 &#8211; M\u00e1\u0148a<br><a href=\"mailto:m.a.john@seznam.cz\">m.a.john@seznam.cz<\/a><br>Tel: <strong>776 580 228<\/strong><\/p>\n<\/div><\/div>\n<\/div>\n<\/div>\n\n\n\n<h3 class=\"wp-block-heading has-text-align-center\">Vl\u010data a sv\u011btlu\u0161ky \u2013 V\u011bk: 8 &#8211; 10 let<\/h3>\n\n\n\n<div class=\"wp-block-columns is-layout-flex wp-container-core-columns-is-layout-3 wp-block-columns-is-layout-flex\">\n<div class=\"wp-block-column is-layout-flow wp-block-column-is-layout-flow\">\n<div class=\"wp-block-group\"><div class=\"wp-block-group__inner-container is-layout-flow wp-block-group-is-layout-flow\">\n<h2 class=\"wp-block-heading has-text-align-center\"><strong>\u010cern\u00ed Vlci<\/strong><\/h2>\n\n\n\n<hr class=\"wp-block-separator has-alpha-channel-opacity\"\/>\n\n\n\n<p class=\"has-text-align-center\"><strong>p\u00e1tek 15:30 &#8211; 17:00<\/strong><br><em>15:15 vyzvednut\u00ed v dru\u017ein\u011b<\/em><\/p>\n\n\n\n<hr class=\"wp-block-separator has-alpha-channel-opacity\"\/>\n\n\n\n<p class=\"has-text-align-center\">Ester Stebnick\u00e1<br><a href=\"mailto:estersteb@seznam.cz\">estersteb@seznam.cz<\/a><br>Tel: <strong>792 556    \n  469<\/strong><\/p>\n<\/div><\/div>\n<\/div>\n\n\n\n<div class=\"wp-block-column is-layout-flow wp-block-column-is-layout-flow\">\n<div class=\"wp-block-group\"><div class=\"wp-block-group__inner-container is-layout-flow wp-block-group-is-layout-flow\">\n<h2 class=\"wp-block-heading has-text-align-center\"><strong>\u0160akali<\/strong><\/h2>\n\n\n\n<hr class=\"wp-block-separator has-alpha-channel-opacity\"\/>\n\n\n\n<p class=\"has-text-align-center\"><strong>p\u00e1tek 15:30 &#8211; 17:00<\/strong><br><em>15:15 vyzvednut\u00ed z dru\u017einy<\/em><\/p>\n\n\n\n<hr class=\"wp-block-separator has-alpha-channel-opacity\"\/>\n\n\n\n<p class=\"has-text-align-center\">Ond\u0159ej Ryszkowski<br><a href=\"mailto:ryszkowski.skaut@gmail.com\">ryszkowski.skaut@gmail.com<\/a><br>Tel:    \n  <strong>733 481 408<\/strong><\/p>\n<\/div><\/div>\n<\/div>\n\n\n\n<div class=\"wp-block-column is-layout-flow wp-block-column-is-layout-flow\">\n<div class=\"wp-block-group\"><div class=\"wp-block-group__inner-container is-layout-flow wp-block-group-is-layout-flow\">\n<h2 class=\"wp-block-heading has-text-align-center\"><strong>B\u00edl\u00ed vlci<\/strong><\/h2>\n\n\n\n<hr class=\"wp-block-separator has-alpha-channel-opacity\"\/>\n\n\n\n<p class=\"has-text-align-center\"><strong>\u00fater\u00fd 16:15 &#8211; 17:45<\/strong><\/p>\n\n\n\n<hr class=\"wp-block-separator has-alpha-channel-opacity\"\/>\n\n\n\n<p class=\"has-text-align-center\">Eli\u0161ka Stebnick\u00e1<br><a href=\"mailto:stebnickaeliska@skaut.cz\">stebnickaeliska@skaut.cz<\/a><br>Tel:         \n  <strong>792 526 414<\/strong><\/p>\n<\/div><\/div>\n<\/div>\n<\/div>\n\n\n\n<h3 class=\"wp-block-heading has-text-align-center\">Skauti a skautky \u2013 V\u011bk: 11 &#8211; 14 let<\/h3>\n\n\n\n<div class=\"wp-block-columns is-layout-flex wp-container-core-columns-is-layout-4 wp-block-columns-is-layout-flex\">\n<div class=\"wp-block-column is-layout-flow wp-block-column-is-layout-flow\">\n<div class=\"wp-block-group\"><div class=\"wp-block-group__inner-container is-layout-flow wp-block-group-is-layout-flow\">\n<h2 class=\"wp-block-heading has-text-align-center\"><strong>Li\u0161\u00e1ci<\/strong><\/h2>\n\n\n\n<hr class=\"wp-block-separator has-alpha-channel-opacity\"\/>\n\n\n\n<p class=\"has-text-align-center\"><strong>st\u0159eda 16:00 &#8211; 18:00<\/strong><\/p>\n\n\n\n<hr class=\"wp-block-separator has-alpha-channel-opacity\"\/>\n\n\n\n<p class=\"has-text-align-center\">Julie Kone\u010dn\u00e1<br><a href=\"mailto:julakonecna@gmail.com\">julakonecna@gmail.com<\/a><br>Tel: <strong>774 562  \n  812<\/strong><\/p>\n<\/div><\/div>\n<\/div>\n\n\n\n<div class=\"wp-block-column is-layout-flow wp-block-column-is-layout-flow\">\n<div class=\"wp-block-group\"><div class=\"wp-block-group__inner-container is-layout-flow wp-block-group-is-layout-flow\">\n<h2 class=\"wp-block-heading has-text-align-center\"><strong>Jeleni<\/strong><\/h2>\n\n\n\n<hr class=\"wp-block-separator has-alpha-channel-opacity\"\/>\n\n\n\n<p class=\"has-text-align-center\"><strong>\u00fater\u00fd 16:30 &#8211; 18:30<\/strong><\/p>\n\n\n\n<hr class=\"wp-block-separator has-alpha-channel-opacity\"\/>\n\n\n\n<p class=\"has-text-align-center\">V\u00e1clav Sedl\u00e1\u010dek<br><a href=\"mailto:vaseksedlacekbludov@seznam.cz\">vaseksedlacekbludov@seznam.cz<\/a><br>Tel:\n   <strong>725 749 371<\/strong><\/p>\n<\/div><\/div>\n<\/div>\n<\/div>\n","protected":false},"excerpt":{"rendered":"<p>Kdo jsme? Skauting \u2013 to jsou kamar\u00e1di, p\u0159\u00e1tel\u00e9 a spole\u010denstv\u00ed lid\u00ed, kte\u0159\u00ed sd\u00edlej\u00ed podobn\u00e9 hodnoty. Vyr\u016fstat ve skautsk\u00e9m odd\u00edle znamen\u00e1 chopit se \u0161ance \u017e\u00edt naplno. B\u00fdt aktivn\u00ed a naj\u00edt vlastn\u00ed m\u00edsto ve sv\u011bt\u011b. Skauting je p\u0159\u00edle\u017eitost rozv\u00edjet nejen sebe, ale i sv\u00e9 okol\u00ed. Skautsk\u00e1 v\u00fdchova ct\u00ed p\u0159edev\u0161\u00edm tyto hodnoty: Skauting v\u0161estrann\u011b p\u016fsob\u00ed na rozvoj osobnosti [&hellip;]<\/p>\n","protected":false},"author":1,"featured_media":0,"parent":0,"menu_order":0,"comment_status":"closed","ping_status":"closed","template":"templates\/fullwidth.php","meta":{"footnotes":""},"class_list":["post-17","page","type-page","status-publish"],"_links":{"self":[{"href":"https:\/\/junak.bludov.cz\/index.php?rest_route=\/wp\/v2\/pages\/17","targetHints":{"allow":["GET"]}}],"collection":[{"href":"https:\/\/junak.bludov.cz\/index.php?rest_route=\/wp\/v2\/pages"}],"about":[{"href":"https:\/\/junak.bludov.cz\/index.php?rest_route=\/wp\/v2\/types\/page"}],"author":[{"embeddable":true,"href":"https:\/\/junak.bludov.cz\/index.php?rest_route=\/wp\/v2\/users\/1"}],"replies":[{"embeddable":true,"href":"https:\/\/junak.bludov.cz\/index.php?rest_route=%2Fwp%2Fv2%2Fcomments&post=17"}],"version-history":[{"count":33,"href":"https:\/\/junak.bludov.cz\/index.php?rest_route=\/wp\/v2\/pages\/17\/revisions"}],"predecessor-version":[{"id":836,"href":"https:\/\/junak.bludov.cz\/index.php?rest_route=\/wp\/v2\/pages\/17\/revisions\/836"}],"wp:attachment":[{"href":"https:\/\/junak.bludov.cz\/index.php?rest_route=%2Fwp%2Fv2%2Fmedia&parent=17"}],"curies":[{"name":"wp","href":"https:\/\/api.w.org\/{rel}","templated":true}]}}