{"id":19,"date":"2021-10-29T12:51:48","date_gmt":"2021-10-29T10:51:48","guid":{"rendered":"http:\/\/192.168.1.4\/skaut\/?page_id=19"},"modified":"2026-04-06T12:00:38","modified_gmt":"2026-04-06T10:00:38","slug":"kontakty","status":"publish","type":"page","link":"https:\/\/junak.bludov.cz\/?page_id=19","title":{"rendered":"Kontakty"},"content":{"rendered":"\n<div class=\"wp-block-columns is-layout-flex wp-container-core-columns-is-layout-3 wp-block-columns-is-layout-flex\">\n<div class=\"wp-block-column is-layout-flow wp-block-column-is-layout-flow\">\n<div class=\"wp-block-group\"><div class=\"wp-block-group__inner-container is-layout-flow wp-block-group-is-layout-flow\">\n<h2 class=\"wp-block-heading\" style=\"min-height:80px\">V\u016fdce st\u0159ediska<\/h2>\n\n\n\n<div class=\"wp-block-columns is-layout-flex wp-container-core-columns-is-layout-1 wp-block-columns-is-layout-flex\">\n<div class=\"wp-block-column is-layout-flow wp-block-column-is-layout-flow\" style=\"flex-basis:200px\"><div class=\"wp-block-image is-style-rounded\">\n<figure class=\"aligncenter size-thumbnail is-resized\"><img decoding=\"async\" src=\"http:\/\/junak.bludov.cz\/wp-content\/uploads\/2021\/11\/rys-150x150.jpg\" alt=\"\" class=\"wp-image-166\" style=\"width:150px;height:150px\"\/><\/figure><\/div><\/div>\n\n\n\n<div class=\"wp-block-column is-layout-flow wp-block-column-is-layout-flow\">\n<div class=\"wp-block-group\"><div class=\"wp-block-group__inner-container is-layout-flow wp-block-group-is-layout-flow\">\n<p>Ond\u0159ej Daniel &#8211; Rys<\/p>\n\n\n\n<p>tel.:&nbsp;720 300 880<\/p>\n\n\n\n<p>email: <a href=\"mailto:daniel.ondrej@seznam.cz\">daniel.ondrej@seznam.cz<\/a><\/p>\n<\/div><\/div>\n<\/div>\n<\/div>\n<\/div><\/div>\n<\/div>\n\n\n\n<div class=\"wp-block-column is-layout-flow wp-block-column-is-layout-flow\">\n<div class=\"wp-block-group\"><div class=\"wp-block-group__inner-container is-layout-flow wp-block-group-is-layout-flow\">\n<h2 class=\"wp-block-heading\" style=\"min-height:80px\">Z\u00e1stupce v\u016fdce st\u0159ediska, v\u016fdce 4. odd\u00edlu Benjam\u00ednci<\/h2>\n\n\n\n<div class=\"wp-block-columns is-layout-flex wp-container-core-columns-is-layout-2 wp-block-columns-is-layout-flex\">\n<div class=\"wp-block-column is-layout-flow wp-block-column-is-layout-flow\" style=\"flex-basis:200px\"><div class=\"wp-block-image is-style-rounded\">\n<figure class=\"aligncenter size-large is-resized\"><img loading=\"lazy\" decoding=\"async\" width=\"1024\" height=\"1024\" src=\"http:\/\/www.junak.bludov.cz\/wp-content\/uploads\/2023\/12\/roy-1-1024x1024.jpg\" alt=\"\" class=\"wp-image-580\" style=\"width:150px;height:150px\" srcset=\"https:\/\/junak.bludov.cz\/wp-content\/uploads\/2023\/12\/roy-1-1024x1024.jpg 1024w, https:\/\/junak.bludov.cz\/wp-content\/uploads\/2023\/12\/roy-1-300x300.jpg 300w, https:\/\/junak.bludov.cz\/wp-content\/uploads\/2023\/12\/roy-1-150x150.jpg 150w, https:\/\/junak.bludov.cz\/wp-content\/uploads\/2023\/12\/roy-1-768x768.jpg 768w, https:\/\/junak.bludov.cz\/wp-content\/uploads\/2023\/12\/roy-1.jpg 1200w\" sizes=\"auto, (max-width: 1024px) 100vw, 1024px\" \/><\/figure><\/div><\/div>\n\n\n\n<div class=\"wp-block-column is-layout-flow wp-block-column-is-layout-flow\">\n<div class=\"wp-block-group\"><div class=\"wp-block-group__inner-container is-layout-flow wp-block-group-is-layout-flow\">\n<p>Martin Dost\u00e1l &#8211; Roy<\/p>\n\n\n\n<p>tel.: 605 019 251<\/p>\n\n\n\n<p>email: <a href=\"mailto:mates.dostall@seznam.cz\">mates.dostall@seznam.cz<\/a><\/p>\n<\/div><\/div>\n<\/div>\n<\/div>\n<\/div><\/div>\n<\/div>\n<\/div>\n\n\n\n<div class=\"wp-block-columns is-layout-flex wp-container-core-columns-is-layout-6 wp-block-columns-is-layout-flex\">\n<div class=\"wp-block-column is-layout-flow wp-block-column-is-layout-flow\">\n<div class=\"wp-block-group\"><div class=\"wp-block-group__inner-container is-layout-flow wp-block-group-is-layout-flow\">\n<h2 class=\"wp-block-heading\" style=\"min-height:80px\">V\u016fdkyn\u011b&nbsp;2. odd\u00edlu Bludovit<\/h2>\n\n\n\n<div class=\"wp-block-columns is-layout-flex wp-container-core-columns-is-layout-4 wp-block-columns-is-layout-flex\">\n<div class=\"wp-block-column is-layout-flow wp-block-column-is-layout-flow\" style=\"flex-basis:200px\"><div class=\"wp-block-image is-style-rounded\">\n<figure class=\"aligncenter size-thumbnail is-resized\"><img loading=\"lazy\" decoding=\"async\" width=\"150\" height=\"150\" src=\"http:\/\/www.junak.bludov.cz\/wp-content\/uploads\/2026\/01\/eliskaJur-150x150.jpeg\" alt=\"\" class=\"wp-image-812\" style=\"width:150px;height:150px\"\/><\/figure><\/div><\/div>\n\n\n\n<div class=\"wp-block-column is-layout-flow wp-block-column-is-layout-flow\">\n<div class=\"wp-block-group\"><div class=\"wp-block-group__inner-container is-layout-flow wp-block-group-is-layout-flow\">\n<p>Eli\u0161ka Jur\u00e1nkov\u00e1<\/p>\n\n\n\n<p>tel.:&nbsp;773 831 094<\/p>\n\n\n\n<p>email: <a rel=\"noreferrer noopener\" href=\"mailto:el.jurankova.94@gmail.com\" target=\"_blank\">el.jurankova.94@gmail.com<\/a><\/p>\n<\/div><\/div>\n<\/div>\n<\/div>\n<\/div><\/div>\n<\/div>\n\n\n\n<div class=\"wp-block-column is-layout-flow wp-block-column-is-layout-flow\">\n<div class=\"wp-block-group\"><div class=\"wp-block-group__inner-container is-layout-flow wp-block-group-is-layout-flow\">\n<h2 class=\"wp-block-heading\" style=\"min-height:80px\">Vedouc\u00ed 469. klubu kmene dosp\u011bl\u00fdch<\/h2>\n\n\n\n<div class=\"wp-block-columns is-layout-flex wp-container-core-columns-is-layout-5 wp-block-columns-is-layout-flex\">\n<div class=\"wp-block-column is-layout-flow wp-block-column-is-layout-flow\" style=\"flex-basis:200px\"><div class=\"wp-block-image is-style-rounded\">\n<figure class=\"aligncenter size-full is-resized\"><img loading=\"lazy\" decoding=\"async\" width=\"259\" height=\"259\" src=\"http:\/\/www.junak.bludov.cz\/wp-content\/uploads\/2026\/01\/801d9d62-217e-4eed-9c74-39ff81e35585-edited.jpeg\" alt=\"\" class=\"wp-image-813\" style=\"width:150px;height:150px\" srcset=\"https:\/\/junak.bludov.cz\/wp-content\/uploads\/2026\/01\/801d9d62-217e-4eed-9c74-39ff81e35585-edited.jpeg 259w, https:\/\/junak.bludov.cz\/wp-content\/uploads\/2026\/01\/801d9d62-217e-4eed-9c74-39ff81e35585-edited-150x150.jpeg 150w\" sizes=\"auto, (max-width: 259px) 100vw, 259px\" \/><\/figure><\/div><\/div>\n\n\n\n<div class=\"wp-block-column is-layout-flow wp-block-column-is-layout-flow\">\n<div class=\"wp-block-group\"><div class=\"wp-block-group__inner-container is-layout-flow wp-block-group-is-layout-flow\">\n<p>Anna Bal\u00edkov\u00e1<\/p>\n\n\n\n<p>tel.: 608 011 099<\/p>\n\n\n\n<p>email: <a href=\"mailto:balikova.anicka@gmail.com\">balikova.anicka@gmail.com<\/a><\/p>\n<\/div><\/div>\n<\/div>\n<\/div>\n<\/div><\/div>\n<\/div>\n<\/div>\n\n\n\n<div class=\"wp-block-columns is-layout-flex wp-container-core-columns-is-layout-9 wp-block-columns-is-layout-flex\">\n<div class=\"wp-block-column is-layout-flow wp-block-column-is-layout-flow\">\n<div class=\"wp-block-group\"><div class=\"wp-block-group__inner-container is-layout-flow wp-block-group-is-layout-flow\">\n<h2 class=\"wp-block-heading\" style=\"min-height:80px\">R\u00e1dkyn\u011b&nbsp;dru\u017einy Li\u0161\u00e1k\u016f (skauti + skautky)<\/h2>\n\n\n\n<div class=\"wp-block-columns is-layout-flex wp-container-core-columns-is-layout-7 wp-block-columns-is-layout-flex\">\n<div class=\"wp-block-column is-layout-flow wp-block-column-is-layout-flow\" style=\"flex-basis:200px\"><div class=\"wp-block-image is-style-rounded\">\n<figure class=\"aligncenter size-full is-resized\"><img loading=\"lazy\" decoding=\"async\" width=\"240\" height=\"240\" src=\"http:\/\/www.junak.bludov.cz\/wp-content\/uploads\/2026\/01\/julca-1-edited.jpeg\" alt=\"\" class=\"wp-image-805\" style=\"width:150px;height:150px\" srcset=\"https:\/\/junak.bludov.cz\/wp-content\/uploads\/2026\/01\/julca-1-edited.jpeg 240w, https:\/\/junak.bludov.cz\/wp-content\/uploads\/2026\/01\/julca-1-edited-150x150.jpeg 150w\" sizes=\"auto, (max-width: 240px) 100vw, 240px\" \/><\/figure><\/div><\/div>\n\n\n\n<div class=\"wp-block-column is-layout-flow wp-block-column-is-layout-flow\">\n<div class=\"wp-block-group\"><div class=\"wp-block-group__inner-container is-layout-flow wp-block-group-is-layout-flow\">\n<p>Julie Kone\u010dn\u00e1<\/p>\n\n\n\n<p>tel.: 774 562 812<\/p>\n\n\n\n<p>email: <a href=\"mailto:julakonecna@gmail.com\" target=\"_blank\" rel=\"noreferrer noopener\">julakonecna@gmail.com<\/a><\/p>\n<\/div><\/div>\n<\/div>\n<\/div>\n<\/div><\/div>\n<\/div>\n\n\n\n<div class=\"wp-block-column is-layout-flow wp-block-column-is-layout-flow\">\n<div class=\"wp-block-group\"><div class=\"wp-block-group__inner-container is-layout-flow wp-block-group-is-layout-flow\">\n<h2 class=\"wp-block-heading\" style=\"min-height:80px\">R\u00e1dce&nbsp;dru\u017einy Jelen\u016f (skauti + skautky)<\/h2>\n\n\n\n<div class=\"wp-block-columns is-layout-flex wp-container-core-columns-is-layout-8 wp-block-columns-is-layout-flex\">\n<div class=\"wp-block-column is-layout-flow wp-block-column-is-layout-flow\" style=\"flex-basis:200px\"><div class=\"wp-block-image is-style-rounded\">\n<figure class=\"aligncenter size-full is-resized\"><img loading=\"lazy\" decoding=\"async\" width=\"147\" height=\"147\" src=\"http:\/\/www.junak.bludov.cz\/wp-content\/uploads\/2026\/01\/vasek-edited.png\" alt=\"\" class=\"wp-image-804\" style=\"width:150px;height:150px\"\/><\/figure><\/div><\/div>\n\n\n\n<div class=\"wp-block-column is-layout-flow wp-block-column-is-layout-flow\">\n<div class=\"wp-block-group\"><div class=\"wp-block-group__inner-container is-layout-flow wp-block-group-is-layout-flow\">\n<p>V\u00e1clav Sedl\u00e1\u010dek<\/p>\n\n\n\n<p>tel.: 725 749 371<\/p>\n\n\n\n<p>email: <a href=\"mailto:vaseksedlacekbludov@seznam.cz\" target=\"_blank\" rel=\"noreferrer noopener\">vaseksedlacekbludov@seznam.cz<\/a><\/p>\n<\/div><\/div>\n<\/div>\n<\/div>\n<\/div><\/div>\n<\/div>\n<\/div>\n\n\n\n<div class=\"wp-block-columns is-layout-flex wp-container-core-columns-is-layout-12 wp-block-columns-is-layout-flex\">\n<div class=\"wp-block-column is-layout-flow wp-block-column-is-layout-flow\">\n<div class=\"wp-block-group\"><div class=\"wp-block-group__inner-container is-layout-flow wp-block-group-is-layout-flow\">\n<h2 class=\"wp-block-heading\" style=\"min-height:80px\">R\u00e1dkyn\u011b sme\u010dky B\u00edl\u00fdch vlk\u016f (vl\u010data + sv\u011btlu\u0161ky)<\/h2>\n\n\n\n<div class=\"wp-block-columns is-layout-flex wp-container-core-columns-is-layout-10 wp-block-columns-is-layout-flex\">\n<div class=\"wp-block-column is-layout-flow wp-block-column-is-layout-flow\" style=\"flex-basis:200px\"><div class=\"wp-block-image is-style-rounded\">\n<figure class=\"aligncenter size-full is-resized\"><img loading=\"lazy\" decoding=\"async\" width=\"192\" height=\"192\" src=\"http:\/\/www.junak.bludov.cz\/wp-content\/uploads\/2026\/01\/eliska-edited.jpeg\" alt=\"\" class=\"wp-image-807\" style=\"width:150px;height:150px\" srcset=\"https:\/\/junak.bludov.cz\/wp-content\/uploads\/2026\/01\/eliska-edited.jpeg 192w, https:\/\/junak.bludov.cz\/wp-content\/uploads\/2026\/01\/eliska-edited-150x150.jpeg 150w\" sizes=\"auto, (max-width: 192px) 100vw, 192px\" \/><\/figure><\/div><\/div>\n\n\n\n<div class=\"wp-block-column is-layout-flow wp-block-column-is-layout-flow\">\n<div class=\"wp-block-group\"><div class=\"wp-block-group__inner-container is-layout-flow wp-block-group-is-layout-flow\">\n<p>Eli\u0161ka Stebnick\u00e1<\/p>\n\n\n\n<p>tel.: 792 526 414<\/p>\n\n\n\n<p>email: <a href=\"mailto:stebnickaeliska@skaut.cz\" target=\"_blank\" rel=\"noreferrer noopener\">stebnickaeliska@skaut.cz<\/a><\/p>\n<\/div><\/div>\n<\/div>\n<\/div>\n<\/div><\/div>\n<\/div>\n\n\n\n<div class=\"wp-block-column is-layout-flow wp-block-column-is-layout-flow\">\n<div class=\"wp-block-group\"><div class=\"wp-block-group__inner-container is-layout-flow wp-block-group-is-layout-flow\">\n<h2 class=\"wp-block-heading\" style=\"min-height:80px\">R\u00e1dkyn\u011b&nbsp;sme\u010dky \u010cern\u00fdch vlk\u016f (vl\u010data + sv\u011btlu\u0161ky)<\/h2>\n\n\n\n<div class=\"wp-block-columns is-layout-flex wp-container-core-columns-is-layout-11 wp-block-columns-is-layout-flex\">\n<div class=\"wp-block-column is-layout-flow wp-block-column-is-layout-flow\" style=\"flex-basis:200px\"><div class=\"wp-block-image is-style-rounded\">\n<figure class=\"aligncenter size-full is-resized\"><img loading=\"lazy\" decoding=\"async\" width=\"147\" height=\"147\" src=\"http:\/\/www.junak.bludov.cz\/wp-content\/uploads\/2026\/01\/ester-edited.png\" alt=\"\" class=\"wp-image-809\" style=\"width:150px;height:150px\"\/><\/figure><\/div><\/div>\n\n\n\n<div class=\"wp-block-column is-layout-flow wp-block-column-is-layout-flow\">\n<p>Ester Stebnick\u00e1<\/p>\n\n\n\n<p>tel.: 792 556 469<\/p>\n\n\n\n<p>email: <a rel=\"noreferrer noopener\" href=\"mailto:estersteb@seznam.cz\" target=\"_blank\">estersteb@seznam.cz<\/a><\/p>\n<\/div>\n<\/div>\n<\/div><\/div>\n<\/div>\n<\/div>\n\n\n\n<div class=\"wp-block-columns is-layout-flex wp-container-core-columns-is-layout-14 wp-block-columns-is-layout-flex\">\n<div class=\"wp-block-column is-layout-flow wp-block-column-is-layout-flow\">\n<div class=\"wp-block-group\"><div class=\"wp-block-group__inner-container is-layout-flow wp-block-group-is-layout-flow\">\n<h2 class=\"wp-block-heading\" style=\"min-height:80px\">R\u00e1dce sme\u010dky \u0160akal\u016f (vl\u010data + sv\u011btlu\u0161ky)<\/h2>\n\n\n\n<div class=\"wp-block-columns is-layout-flex wp-container-core-columns-is-layout-13 wp-block-columns-is-layout-flex\">\n<div class=\"wp-block-column is-layout-flow wp-block-column-is-layout-flow\" style=\"flex-basis:200px\"><div class=\"wp-block-image is-style-rounded\">\n<figure class=\"aligncenter size-full is-resized\"><img loading=\"lazy\" decoding=\"async\" width=\"144\" height=\"144\" src=\"http:\/\/www.junak.bludov.cz\/wp-content\/uploads\/2026\/01\/ondra-edited.jpeg\" alt=\"\" class=\"wp-image-811\" style=\"width:150px;height:150px\"\/><\/figure><\/div><\/div>\n\n\n\n<div class=\"wp-block-column is-layout-flow wp-block-column-is-layout-flow\">\n<div class=\"wp-block-group\"><div class=\"wp-block-group__inner-container is-layout-flow wp-block-group-is-layout-flow\">\n<p>Ond\u0159ej Ryszkowski<\/p>\n\n\n\n<p>tel.: 733 481 408<\/p>\n\n\n\n<p>email: <a href=\"mailto:ryszkowski.skaut@gmail.com\" target=\"_blank\" rel=\"noreferrer noopener\">ryszkowski.skaut@gmail.com<\/a><\/p>\n<\/div><\/div>\n<\/div>\n<\/div>\n<\/div><\/div>\n<\/div>\n\n\n\n<div class=\"wp-block-column is-layout-flow wp-block-column-is-layout-flow\"><\/div>\n<\/div>\n\n\n\n<div class=\"wp-block-columns is-layout-flex wp-container-core-columns-is-layout-19 wp-block-columns-is-layout-flex\">\n<div class=\"wp-block-column is-layout-flow wp-block-column-is-layout-flow\">\n<div class=\"wp-block-group\"><div class=\"wp-block-group__inner-container is-layout-flow wp-block-group-is-layout-flow\">\n<h2 class=\"wp-block-heading\" style=\"min-height:80px\">R\u00e1dce dru\u017einy Tesa\u0159\u00edk\u016f (benjam\u00ednci)<\/h2>\n\n\n\n<div class=\"wp-block-columns is-layout-flex wp-container-core-columns-is-layout-15 wp-block-columns-is-layout-flex\">\n<div class=\"wp-block-column is-layout-flow wp-block-column-is-layout-flow\" style=\"flex-basis:200px\"><\/div>\n\n\n\n<div class=\"wp-block-column is-layout-flow wp-block-column-is-layout-flow\">\n<div class=\"wp-block-group\"><div class=\"wp-block-group__inner-container is-layout-flow wp-block-group-is-layout-flow\">\n<p>Miroslav Sm\u011b\u0161n\u00fd &#8211; Klasik<\/p>\n\n\n\n<p>tel.: 725 749 371<\/p>\n\n\n\n<p>email: <a rel=\"noreferrer noopener\" href=\"mailto:Msmesny@seznam.cz\" target=\"_blank\">Msmesny@seznam.cz<\/a><\/p>\n<\/div><\/div>\n<\/div>\n<\/div>\n\n\n\n<div class=\"wp-block-columns is-layout-flex wp-container-core-columns-is-layout-16 wp-block-columns-is-layout-flex\">\n<div class=\"wp-block-column is-layout-flow wp-block-column-is-layout-flow\" style=\"flex-basis:200px\"><\/div>\n\n\n\n<div class=\"wp-block-column is-layout-flow wp-block-column-is-layout-flow\">\n<div class=\"wp-block-group\"><div class=\"wp-block-group__inner-container is-layout-flow wp-block-group-is-layout-flow\">\n<p>Martin Jur\u00e1nek &#8211; Medwjed<\/p>\n\n\n\n<p>tel.: 606 702 695<\/p>\n\n\n\n<p>email: <a href=\"mailto:Msmesny@seznam.cz\" target=\"_blank\" rel=\"noreferrer noopener\"><\/a><a href=\"mailto:juranek.martin@tiscali.cz\" target=\"_blank\" rel=\"noreferrer noopener\">juranek.martin@tiscali.cz<\/a><\/p>\n<\/div><\/div>\n<\/div>\n<\/div>\n<\/div><\/div>\n<\/div>\n\n\n\n<div class=\"wp-block-column is-layout-flow wp-block-column-is-layout-flow\">\n<div class=\"wp-block-group\"><div class=\"wp-block-group__inner-container is-layout-flow wp-block-group-is-layout-flow\">\n<h2 class=\"wp-block-heading\" style=\"min-height:80px\">R\u00e1dkyn\u011b dru\u017einy St\u0159evl\u00edk\u016f (benjam\u00ednci)<\/h2>\n\n\n\n<div class=\"wp-block-columns is-layout-flex wp-container-core-columns-is-layout-17 wp-block-columns-is-layout-flex\">\n<div class=\"wp-block-column is-layout-flow wp-block-column-is-layout-flow\" style=\"flex-basis:200px\"><\/div>\n\n\n\n<div class=\"wp-block-column is-layout-flow wp-block-column-is-layout-flow\">\n<p>Am\u00e1lka Vojtekov\u00e1<\/p>\n\n\n\n<p>tel.: 605 463 600<\/p>\n\n\n\n<p>email: <a rel=\"noreferrer noopener\" href=\"mailto:amcavojtek@seznam.cz\" target=\"_blank\">amcavojtek@seznam.cz<\/a><\/p>\n<\/div>\n<\/div>\n\n\n\n<div class=\"wp-block-columns is-layout-flex wp-container-core-columns-is-layout-18 wp-block-columns-is-layout-flex\">\n<div class=\"wp-block-column is-layout-flow wp-block-column-is-layout-flow\" style=\"flex-basis:200px\"><\/div>\n\n\n\n<div class=\"wp-block-column is-layout-flow wp-block-column-is-layout-flow\">\n<p>Marie Johnov\u00e1<\/p>\n\n\n\n<p>tel.: 776 580 228<\/p>\n\n\n\n<p>email: <a href=\"mailto:Msmesny@seznam.cz\" target=\"_blank\" rel=\"noreferrer noopener\"><\/a><a href=\"mailto:m.a.john@seznam.cz\" target=\"_blank\" rel=\"noreferrer noopener\">m.a.john@seznam.cz<\/a><\/p>\n<\/div>\n<\/div>\n<\/div><\/div>\n<\/div>\n<\/div>\n\n\n\n<p><\/p>\n","protected":false},"excerpt":{"rendered":"<p>V\u016fdce st\u0159ediska Ond\u0159ej Daniel &#8211; Rys tel.:&nbsp;720 300 880 email: daniel.ondrej@seznam.cz Z\u00e1stupce v\u016fdce st\u0159ediska, v\u016fdce 4. odd\u00edlu Benjam\u00ednci Martin Dost\u00e1l &#8211; Roy tel.: 605 019 251 email: mates.dostall@seznam.cz V\u016fdkyn\u011b&nbsp;2. odd\u00edlu Bludovit Eli\u0161ka Jur\u00e1nkov\u00e1 tel.:&nbsp;773 831 094 email: el.jurankova.94@gmail.com Vedouc\u00ed 469. klubu kmene dosp\u011bl\u00fdch Anna Bal\u00edkov\u00e1 tel.: 608 011 099 email: balikova.anicka@gmail.com R\u00e1dkyn\u011b&nbsp;dru\u017einy Li\u0161\u00e1k\u016f (skauti + [&hellip;]<\/p>\n","protected":false},"author":2,"featured_media":0,"parent":0,"menu_order":0,"comment_status":"closed","ping_status":"closed","template":"templates\/fullwidth.php","meta":{"footnotes":""},"class_list":["post-19","page","type-page","status-publish"],"_links":{"self":[{"href":"https:\/\/junak.bludov.cz\/index.php?rest_route=\/wp\/v2\/pages\/19","targetHints":{"allow":["GET"]}}],"collection":[{"href":"https:\/\/junak.bludov.cz\/index.php?rest_route=\/wp\/v2\/pages"}],"about":[{"href":"https:\/\/junak.bludov.cz\/index.php?rest_route=\/wp\/v2\/types\/page"}],"author":[{"embeddable":true,"href":"https:\/\/junak.bludov.cz\/index.php?rest_route=\/wp\/v2\/users\/2"}],"replies":[{"embeddable":true,"href":"https:\/\/junak.bludov.cz\/index.php?rest_route=%2Fwp%2Fv2%2Fcomments&post=19"}],"version-history":[{"count":36,"href":"https:\/\/junak.bludov.cz\/index.php?rest_route=\/wp\/v2\/pages\/19\/revisions"}],"predecessor-version":[{"id":841,"href":"https:\/\/junak.bludov.cz\/index.php?rest_route=\/wp\/v2\/pages\/19\/revisions\/841"}],"wp:attachment":[{"href":"https:\/\/junak.bludov.cz\/index.php?rest_route=%2Fwp%2Fv2%2Fmedia&parent=19"}],"curies":[{"name":"wp","href":"https:\/\/api.w.org\/{rel}","templated":true}]}}